{"id":286,"date":"2020-03-13T18:54:56","date_gmt":"2020-03-13T17:54:56","guid":{"rendered":"https:\/\/www.coachingeasy.fr\/?page_id=286"},"modified":"2020-03-13T18:54:56","modified_gmt":"2020-03-13T17:54:56","slug":"recommandations","status":"publish","type":"page","link":"https:\/\/prepaqualiopi.fr\/index.php\/recommandations\/","title":{"rendered":"Recommandations"},"content":{"rendered":"\n<div class=\"wp-block-image\"><figure class=\"aligncenter size-large is-resized\"><img loading=\"lazy\" src=\"http:\/\/coachingvisio.com\/wp-content\/uploads\/2020\/10\/recommandation-vos-clients-faisait-decoller-votre-business-T-1024x512.jpg\" alt=\"\" class=\"wp-image-314\" width=\"795\" height=\"258\"\/><\/figure><\/div>\n\n\n<div class=\"wp-block-image\"><figure class=\"aligncenter size-large is-resized\"><img loading=\"lazy\" src=\"https:\/\/prepaqualiopi.fr\/wp-content\/uploads\/2021\/02\/Global-1024x661.png\" alt=\"\" class=\"wp-image-423\" width=\"768\" height=\"496\" srcset=\"https:\/\/prepaqualiopi.fr\/wp-content\/uploads\/2021\/02\/Global-1024x661.png 1024w, https:\/\/prepaqualiopi.fr\/wp-content\/uploads\/2021\/02\/Global-300x194.png 300w, https:\/\/prepaqualiopi.fr\/wp-content\/uploads\/2021\/02\/Global-768x496.png 768w, https:\/\/prepaqualiopi.fr\/wp-content\/uploads\/2021\/02\/Global.png 1394w\" sizes=\"(max-width: 768px) 100vw, 768px\" \/><\/figure><\/div>\n\n\n<div class=\"wp-block-columns\">\n<div class=\"wp-block-column\" style=\"flex-basis:33.33%\">\n<p>Olivier D.  (Sales Manager)<\/p>\n<\/div>\n\n\n<div class=\"wp-block-column\" style=\"flex-basis:66.66%\">\n<p>Son exp\u00e9rience de chef d\u2019entreprise fait la diff\u00e9rence dans l\u2019approche du coaching d\u2019\u00e9quipe. Les objectifs d\u00e9finis ensemble sont concrets et la d\u00e9marche tr\u00e8s pragmatique. Cela permet un impact imm\u00e9diat sur l\u2019\u00e9quipe avec des r\u00e9sultats visibles. C\u2019est un plaisir d\u2019\u00e9voluer personnellement et de faire \u00e9voluer son \u00e9quipe avec un coach de haut niveau.<\/p>\n<\/div>\n<\/div>\n\n\n<div class=\"wp-block-columns\">\n<div class=\"wp-block-column\" style=\"flex-basis:33.33%\">\n<p>Justine F.   (Conseill\u00e8re client\u00e8le)<\/p>\n<\/div>\n\n\n<div class=\"wp-block-column\" style=\"flex-basis:66.66%\">\n<p>Maxence est un coach tr\u00e8s \u00e0 l&rsquo;\u00e9coute avec qui on se sent en confiance rapidement, il m&rsquo;a permis de tr\u00e8s belles prises de conscience, ce qui m&rsquo;a permis d&rsquo;\u00e9voluer au sein de ma soci\u00e9t\u00e9 comme je le d\u00e9sirais. Merci \u00e0 lui.<\/p>\n<\/div>\n<\/div>\n","protected":false},"excerpt":{"rendered":"<p>Olivier D. (Sales Manager) Son exp\u00e9rience de chef d\u2019entreprise fait la diff\u00e9rence dans l\u2019approche du coaching d\u2019\u00e9quipe. Les objectifs d\u00e9finis ensemble sont concrets et la d\u00e9marche tr\u00e8s pragmatique. Cela permet un impact imm\u00e9diat sur l\u2019\u00e9quipe avec des r\u00e9sultats visibles. C\u2019est un plaisir d\u2019\u00e9voluer personnellement et de faire \u00e9voluer son \u00e9quipe avec un coach de haut &hellip;<\/p>\n<p class=\"read-more\"> <a class=\"\" href=\"https:\/\/prepaqualiopi.fr\/index.php\/recommandations\/\"> <span class=\"screen-reader-text\">Recommandations<\/span> Lire la suite\u00a0\u00bb<\/a><\/p>\n","protected":false},"author":1,"featured_media":0,"parent":0,"menu_order":0,"comment_status":"closed","ping_status":"closed","template":"","meta":{"site-sidebar-layout":"default","site-content-layout":"default","ast-main-header-display":"","ast-hfb-above-header-display":"","ast-hfb-below-header-display":"","ast-hfb-mobile-header-display":"","site-post-title":"","ast-breadcrumbs-content":"","ast-featured-img":"","footer-sml-layout":"","theme-transparent-header-meta":"default","adv-header-id-meta":"","stick-header-meta":"","header-above-stick-meta":"","header-main-stick-meta":"","header-below-stick-meta":""},"_links":{"self":[{"href":"https:\/\/prepaqualiopi.fr\/index.php\/wp-json\/wp\/v2\/pages\/286"}],"collection":[{"href":"https:\/\/prepaqualiopi.fr\/index.php\/wp-json\/wp\/v2\/pages"}],"about":[{"href":"https:\/\/prepaqualiopi.fr\/index.php\/wp-json\/wp\/v2\/types\/page"}],"author":[{"embeddable":true,"href":"https:\/\/prepaqualiopi.fr\/index.php\/wp-json\/wp\/v2\/users\/1"}],"replies":[{"embeddable":true,"href":"https:\/\/prepaqualiopi.fr\/index.php\/wp-json\/wp\/v2\/comments?post=286"}],"version-history":[{"count":0,"href":"https:\/\/prepaqualiopi.fr\/index.php\/wp-json\/wp\/v2\/pages\/286\/revisions"}],"wp:attachment":[{"href":"https:\/\/prepaqualiopi.fr\/index.php\/wp-json\/wp\/v2\/media?parent=286"}],"curies":[{"name":"wp","href":"https:\/\/api.w.org\/{rel}","templated":true}]}}