{"id":33,"date":"2020-03-02T12:00:12","date_gmt":"2020-03-02T11:00:12","guid":{"rendered":"https:\/\/www.coachingeasy.fr\/?page_id=33"},"modified":"2021-05-06T20:52:57","modified_gmt":"2021-05-06T18:52:57","slug":"a-propos","status":"publish","type":"page","link":"https:\/\/prepaqualiopi.fr\/index.php\/a-propos\/","title":{"rendered":"A propos de Qualiopi"},"content":{"rendered":"\n<h3 id=\"En-quoi-consiste-la-marque-lt-lt-Qualiopi\">En quoi consiste la marque \u00ab&nbsp;Qualiopi&nbsp;\u00bb&nbsp;?<\/h3>\n\n\n\n<p>La marque \u00ab&nbsp;Qualiopi&nbsp;\u00bb vise \u00e0&nbsp;:<\/p>\n\n\n\n<ul><li>attester de la qualit\u00e9 du processus mis en \u0153uvre par les prestataires d\u2019actions concourant au d\u00e9veloppement des comp\u00e9tences&nbsp;;<\/li><li>permettre une plus grande lisibilit\u00e9 de l\u2019offre de formation aupr\u00e8s des entreprises et des usagers.<\/li><\/ul>\n\n\n\n<h3 id=\"Qui-est-concerne-par-la-marque-lt-lt-Qualiopi\">Qui est concern\u00e9 par la marque \u00ab&nbsp;Qualiopi&nbsp;\u00bb&nbsp;?<\/h3>\n\n\n\n<p><strong>Au 1<sup>er<\/sup>&nbsp;janvier 2022<\/strong>, la certification qualit\u00e9 est obligatoire pour tous les prestataires d\u2019actions concourant au d\u00e9veloppement des comp\u00e9tences qui souhaitent acc\u00e9der aux fonds publics et mutualis\u00e9s&nbsp;; la marque Qualiopi concerne donc tous les prestataires, y compris les formateurs ind\u00e9pendants, dispensant des actions&nbsp;:<\/p>\n\n\n\n<ul><li>de formation&nbsp;;<\/li><li>de bilans de comp\u00e9tences&nbsp;;<\/li><li>permettant de faire valider les acquis de l\u2019exp\u00e9rience&nbsp;;<\/li><li>de formation par apprentissage.<\/li><\/ul>\n\n\n\n<h3 id=\"Qui-delivre-la-marque\">Qui d\u00e9livre la marque&nbsp;?<\/h3>\n\n\n\n<p>La marque \u00ab&nbsp;Qualiopi&nbsp;\u00bb est d\u00e9livr\u00e9e par des organismes certificateurs accr\u00e9dit\u00e9s ou autoris\u00e9s par le Comit\u00e9 fran\u00e7ais d\u2019accr\u00e9ditation (Cofrac) sur la base du r\u00e9f\u00e9rentiel national qualit\u00e9.<\/p>\n\n\n<div class=\"so-widget-sow-editor so-widget-sow-editor-base\">\n<div class=\"siteorigin-widget-tinymce textwidget\">\n\t<\/div>\n<\/div>\n\n\n<p><\/p>\n","protected":false},"excerpt":{"rendered":"<p>En quoi consiste la marque \u00ab&nbsp;Qualiopi&nbsp;\u00bb&nbsp;? La marque \u00ab&nbsp;Qualiopi&nbsp;\u00bb vise \u00e0&nbsp;: attester de la qualit\u00e9 du processus mis en \u0153uvre par les prestataires d\u2019actions concourant au d\u00e9veloppement des comp\u00e9tences&nbsp;; permettre une plus grande lisibilit\u00e9 de l\u2019offre de formation aupr\u00e8s des entreprises et des usagers. Qui est concern\u00e9 par la marque \u00ab&nbsp;Qualiopi&nbsp;\u00bb&nbsp;? Au 1er&nbsp;janvier 2022, la &hellip;<\/p>\n<p class=\"read-more\"> <a class=\"\" href=\"https:\/\/prepaqualiopi.fr\/index.php\/a-propos\/\"> <span class=\"screen-reader-text\">A propos de Qualiopi<\/span> Lire la suite\u00a0\u00bb<\/a><\/p>\n","protected":false},"author":1,"featured_media":0,"parent":0,"menu_order":0,"comment_status":"closed","ping_status":"closed","template":"","meta":{"site-sidebar-layout":"default","site-content-layout":"default","ast-main-header-display":"","ast-hfb-above-header-display":"","ast-hfb-below-header-display":"","ast-hfb-mobile-header-display":"","site-post-title":"","ast-breadcrumbs-content":"","ast-featured-img":"","footer-sml-layout":"","theme-transparent-header-meta":"default","adv-header-id-meta":"","stick-header-meta":"","header-above-stick-meta":"","header-main-stick-meta":"","header-below-stick-meta":""},"_links":{"self":[{"href":"https:\/\/prepaqualiopi.fr\/index.php\/wp-json\/wp\/v2\/pages\/33"}],"collection":[{"href":"https:\/\/prepaqualiopi.fr\/index.php\/wp-json\/wp\/v2\/pages"}],"about":[{"href":"https:\/\/prepaqualiopi.fr\/index.php\/wp-json\/wp\/v2\/types\/page"}],"author":[{"embeddable":true,"href":"https:\/\/prepaqualiopi.fr\/index.php\/wp-json\/wp\/v2\/users\/1"}],"replies":[{"embeddable":true,"href":"https:\/\/prepaqualiopi.fr\/index.php\/wp-json\/wp\/v2\/comments?post=33"}],"version-history":[{"count":4,"href":"https:\/\/prepaqualiopi.fr\/index.php\/wp-json\/wp\/v2\/pages\/33\/revisions"}],"predecessor-version":[{"id":514,"href":"https:\/\/prepaqualiopi.fr\/index.php\/wp-json\/wp\/v2\/pages\/33\/revisions\/514"}],"wp:attachment":[{"href":"https:\/\/prepaqualiopi.fr\/index.php\/wp-json\/wp\/v2\/media?parent=33"}],"curies":[{"name":"wp","href":"https:\/\/api.w.org\/{rel}","templated":true}]}}