{"id":344,"date":"2020-12-07T15:47:45","date_gmt":"2020-12-07T14:47:45","guid":{"rendered":"https:\/\/coachingvisio.com\/?page_id=344"},"modified":"2021-04-13T16:38:59","modified_gmt":"2021-04-13T14:38:59","slug":"contexte-sanitaire","status":"publish","type":"page","link":"https:\/\/prepaqualiopi.fr\/index.php\/contexte-sanitaire\/","title":{"rendered":"Contexte Sanitaire"},"content":{"rendered":"<div class=\"so-widget-sow-editor so-widget-sow-editor-base\"><h3 class=\"widget-title\">La vie, ce n&rsquo;est pas d&rsquo;attendre que l&rsquo;orage passe, c&rsquo;est d&rsquo;apprendre \u00e0 danser sous la pluie &#8211; S\u00e9n\u00e8que<\/h3>\n<div class=\"siteorigin-widget-tinymce textwidget\">\n\t<p>\u00a0<\/p>\n<p><img loading=\"lazy\" class=\"wp-image-364 aligncenter\" src=\"https:\/\/prepaqualiopi.fr\/wp-content\/uploads\/2020\/12\/dancing-in-the-rain-4699087_1920-300x198.jpg\" alt=\"\" width=\"214\" height=\"141\" srcset=\"https:\/\/prepaqualiopi.fr\/wp-content\/uploads\/2020\/12\/dancing-in-the-rain-4699087_1920-300x198.jpg 300w, https:\/\/prepaqualiopi.fr\/wp-content\/uploads\/2020\/12\/dancing-in-the-rain-4699087_1920-1024x675.jpg 1024w, https:\/\/prepaqualiopi.fr\/wp-content\/uploads\/2020\/12\/dancing-in-the-rain-4699087_1920-768x506.jpg 768w, https:\/\/prepaqualiopi.fr\/wp-content\/uploads\/2020\/12\/dancing-in-the-rain-4699087_1920-1536x1012.jpg 1536w, https:\/\/prepaqualiopi.fr\/wp-content\/uploads\/2020\/12\/dancing-in-the-rain-4699087_1920.jpg 1920w\" sizes=\"(max-width: 214px) 100vw, 214px\" \/><\/p>\n<p>Dans ce contexte de crise sanitaire actuelle, la r\u00e9silience est \u00e0 l&rsquo;honneur.<\/p>\n<p>En effet tout le monde subit malheureusement ce contexte qui n&rsquo;est pas sous notre contr\u00f4le, mais cela peut aussi \u00eatre l&rsquo;occasion d&rsquo;une remise en cause, g\u00e9n\u00e9rer des changements, un changement de paradigme, une adaptation afin de sortir son \u00e9pingle du jeu, et sortir grandi de cette crise.<\/p>\n<p>C&rsquo;est donc le bon moment pour passer votre organisme en Qualiopi, nous avons aussi des formules sp\u00e9cifiques en Distanciel<\/p>\n<\/div>\n<\/div>","protected":false},"excerpt":{"rendered":"","protected":false},"author":1,"featured_media":0,"parent":0,"menu_order":0,"comment_status":"closed","ping_status":"closed","template":"","meta":{"site-sidebar-layout":"default","site-content-layout":"default","ast-main-header-display":"","ast-hfb-above-header-display":"","ast-hfb-below-header-display":"","ast-hfb-mobile-header-display":"","site-post-title":"","ast-breadcrumbs-content":"","ast-featured-img":"","footer-sml-layout":"","theme-transparent-header-meta":"default","adv-header-id-meta":"","stick-header-meta":"","header-above-stick-meta":"","header-main-stick-meta":"","header-below-stick-meta":""},"_links":{"self":[{"href":"https:\/\/prepaqualiopi.fr\/index.php\/wp-json\/wp\/v2\/pages\/344"}],"collection":[{"href":"https:\/\/prepaqualiopi.fr\/index.php\/wp-json\/wp\/v2\/pages"}],"about":[{"href":"https:\/\/prepaqualiopi.fr\/index.php\/wp-json\/wp\/v2\/types\/page"}],"author":[{"embeddable":true,"href":"https:\/\/prepaqualiopi.fr\/index.php\/wp-json\/wp\/v2\/users\/1"}],"replies":[{"embeddable":true,"href":"https:\/\/prepaqualiopi.fr\/index.php\/wp-json\/wp\/v2\/comments?post=344"}],"version-history":[{"count":1,"href":"https:\/\/prepaqualiopi.fr\/index.php\/wp-json\/wp\/v2\/pages\/344\/revisions"}],"predecessor-version":[{"id":502,"href":"https:\/\/prepaqualiopi.fr\/index.php\/wp-json\/wp\/v2\/pages\/344\/revisions\/502"}],"wp:attachment":[{"href":"https:\/\/prepaqualiopi.fr\/index.php\/wp-json\/wp\/v2\/media?parent=344"}],"curies":[{"name":"wp","href":"https:\/\/api.w.org\/{rel}","templated":true}]}}