{"id":433,"date":"2021-02-23T02:47:48","date_gmt":"2021-02-23T01:47:48","guid":{"rendered":"https:\/\/coachingvisio.com\/?page_id=433"},"modified":"2021-04-13T15:34:34","modified_gmt":"2021-04-13T13:34:34","slug":"nos-coachs","status":"publish","type":"page","link":"https:\/\/prepaqualiopi.fr\/index.php\/nos-coachs\/","title":{"rendered":"Nos Auditeurs \/ Formateurs"},"content":{"rendered":"\n<p>Nos auditeurs \/ Formateurs sont soigneusement choisis pour r\u00e9pondre \u00e0 diff\u00e9rentes sp\u00e9cialit\u00e9s<\/p>\n","protected":false},"excerpt":{"rendered":"<p>Nos auditeurs \/ Formateurs sont soigneusement choisis pour r\u00e9pondre \u00e0 diff\u00e9rentes sp\u00e9cialit\u00e9s<\/p>\n","protected":false},"author":1,"featured_media":0,"parent":0,"menu_order":0,"comment_status":"closed","ping_status":"closed","template":"","meta":{"site-sidebar-layout":"default","site-content-layout":"default","ast-main-header-display":"","ast-hfb-above-header-display":"","ast-hfb-below-header-display":"","ast-hfb-mobile-header-display":"","site-post-title":"","ast-breadcrumbs-content":"","ast-featured-img":"","footer-sml-layout":"","theme-transparent-header-meta":"default","adv-header-id-meta":"","stick-header-meta":"","header-above-stick-meta":"","header-main-stick-meta":"","header-below-stick-meta":""},"_links":{"self":[{"href":"https:\/\/prepaqualiopi.fr\/index.php\/wp-json\/wp\/v2\/pages\/433"}],"collection":[{"href":"https:\/\/prepaqualiopi.fr\/index.php\/wp-json\/wp\/v2\/pages"}],"about":[{"href":"https:\/\/prepaqualiopi.fr\/index.php\/wp-json\/wp\/v2\/types\/page"}],"author":[{"embeddable":true,"href":"https:\/\/prepaqualiopi.fr\/index.php\/wp-json\/wp\/v2\/users\/1"}],"replies":[{"embeddable":true,"href":"https:\/\/prepaqualiopi.fr\/index.php\/wp-json\/wp\/v2\/comments?post=433"}],"version-history":[{"count":1,"href":"https:\/\/prepaqualiopi.fr\/index.php\/wp-json\/wp\/v2\/pages\/433\/revisions"}],"predecessor-version":[{"id":479,"href":"https:\/\/prepaqualiopi.fr\/index.php\/wp-json\/wp\/v2\/pages\/433\/revisions\/479"}],"wp:attachment":[{"href":"https:\/\/prepaqualiopi.fr\/index.php\/wp-json\/wp\/v2\/media?parent=433"}],"curies":[{"name":"wp","href":"https:\/\/api.w.org\/{rel}","templated":true}]}}