{"id":69,"date":"2020-03-02T12:31:29","date_gmt":"2020-03-02T11:31:29","guid":{"rendered":"https:\/\/www.coachingeasy.fr\/?page_id=69"},"modified":"2021-05-06T20:48:32","modified_gmt":"2021-05-06T18:48:32","slug":"acceuil","status":"publish","type":"page","link":"https:\/\/prepaqualiopi.fr\/","title":{"rendered":"Accueil"},"content":{"rendered":"\n<p>Bienvenue sur notre site d\u00e9di\u00e9 au R\u00e9f\u00e9rentiel Qualit\u00e9 National, Qualiopi<\/p>\n\n\n\n<div class=\"wp-block-image\"><figure class=\"aligncenter size-large\"><img loading=\"lazy\" width=\"450\" height=\"261\" src=\"https:\/\/prepaqualiopi.fr\/wp-content\/uploads\/2020\/03\/Test_career-planning-concept-businessman-getting-260nw-677861017.jpg\" alt=\"\" class=\"wp-image-103\" srcset=\"https:\/\/prepaqualiopi.fr\/wp-content\/uploads\/2020\/03\/Test_career-planning-concept-businessman-getting-260nw-677861017.jpg 450w, https:\/\/prepaqualiopi.fr\/wp-content\/uploads\/2020\/03\/Test_career-planning-concept-businessman-getting-260nw-677861017-300x174.jpg 300w\" sizes=\"(max-width: 450px) 100vw, 450px\" \/><\/figure><\/div>\n\n\n\n<p>Vous d\u00e9sirez passer votre certification Qualiopi pour votre organisme, nous sommes l\u00e0 pour vous accompagner<\/p>\n","protected":false},"excerpt":{"rendered":"<p>Bienvenue sur notre site d\u00e9di\u00e9 au R\u00e9f\u00e9rentiel Qualit\u00e9 National, Qualiopi Vous d\u00e9sirez passer votre certification Qualiopi pour votre organisme, nous sommes l\u00e0 pour vous accompagner<\/p>\n","protected":false},"author":1,"featured_media":0,"parent":0,"menu_order":0,"comment_status":"closed","ping_status":"closed","template":"","meta":{"site-sidebar-layout":"default","site-content-layout":"default","ast-main-header-display":"","ast-hfb-above-header-display":"","ast-hfb-below-header-display":"","ast-hfb-mobile-header-display":"","site-post-title":"","ast-breadcrumbs-content":"","ast-featured-img":"","footer-sml-layout":"","theme-transparent-header-meta":"default","adv-header-id-meta":"","stick-header-meta":"","header-above-stick-meta":"","header-main-stick-meta":"","header-below-stick-meta":""},"_links":{"self":[{"href":"https:\/\/prepaqualiopi.fr\/index.php\/wp-json\/wp\/v2\/pages\/69"}],"collection":[{"href":"https:\/\/prepaqualiopi.fr\/index.php\/wp-json\/wp\/v2\/pages"}],"about":[{"href":"https:\/\/prepaqualiopi.fr\/index.php\/wp-json\/wp\/v2\/types\/page"}],"author":[{"embeddable":true,"href":"https:\/\/prepaqualiopi.fr\/index.php\/wp-json\/wp\/v2\/users\/1"}],"replies":[{"embeddable":true,"href":"https:\/\/prepaqualiopi.fr\/index.php\/wp-json\/wp\/v2\/comments?post=69"}],"version-history":[{"count":2,"href":"https:\/\/prepaqualiopi.fr\/index.php\/wp-json\/wp\/v2\/pages\/69\/revisions"}],"predecessor-version":[{"id":513,"href":"https:\/\/prepaqualiopi.fr\/index.php\/wp-json\/wp\/v2\/pages\/69\/revisions\/513"}],"wp:attachment":[{"href":"https:\/\/prepaqualiopi.fr\/index.php\/wp-json\/wp\/v2\/media?parent=69"}],"curies":[{"name":"wp","href":"https:\/\/api.w.org\/{rel}","templated":true}]}}